{"id":3,"date":"2021-02-10T09:51:33","date_gmt":"2021-02-10T09:51:33","guid":{"rendered":"http:\/\/www.pubtech.ai\/?page_id=3"},"modified":"2022-09-21T23:41:46","modified_gmt":"2022-09-21T22:41:46","slug":"privacy-policy","status":"publish","type":"page","link":"https:\/\/www.pubtech.ai\/it\/privacy-policy\/","title":{"rendered":"Privacy Policy"},"content":{"rendered":"\n<h2 class=\"wp-block-heading\">Informativa ex art. 13 del Regolamento UE n. 679\/2016<\/h2>\n\n\n\n<p>Gentile Utente,<\/p>\n\n\n\n<p>desideriamo informarLa che il regolamento UE (GDPR) n. 679\/2016 in materia di protezione dei dati personali prevede la tutela delle persone e di altri soggetti rispetto al trattamento dei dati personali. Secondo la normativa indicata, tale trattamento sar\u00e0 improntato ai principi di correttezza, liceit\u00e0 e trasparenza e di tutela della Sua riservatezza e dei Suoi diritti. Ai sensi della vigente normativa, pertanto, Le forniamo le seguenti informazioni:<br>L\u2019informativa \u00e8 resa solo per il sito <strong>Pubtech<\/strong>, e non per altri siti web eventualmente consultati dall\u2019utente tramite link.<\/p>\n\n\n\n<h3 class=\"wp-block-heading\">Finalit\u00e0 del trattamento<\/h3>\n\n\n\n<p>La raccolta ed il trattamento dei dati possono essere effettuati per:<\/p>\n\n\n\n<ul class=\"wp-block-list\"><li><strong>Esigenze contrattuali<\/strong> e per i conseguenti adempimenti degli obblighi legali e contrattuali dalle stesse derivanti, nonch\u00e9 il conseguimento di un\u2019efficace gestione dei rapporti per iscrizioni a incontri, seminari ed eventi organizzati dalla societ\u00e0. In particolare per l\u2019acquisizione e la gestione delle Sue richieste, e connessi adempimenti di carattere fiscale e civilistico.<\/li><li><strong>Promozione dell\u2019attivit\u00e0<\/strong> della Societ\u00e0, finalizzata all\u2019impulso e alla diffusione delle conoscenze in materia economica, effettuata tramite strumenti di comunicazione e diffusione istituzionale (sito Internet, profilo Facebook, newsletter, opuscoli, giornali, riviste, periodici o comunicazioni a mezzo posta ordinaria o posta elettronica) inerenti le attivit\u00e0 promosse dalla Societ\u00e0<\/li><li><strong>Finalit\u00e0 diverse<\/strong>, relative alla valutazione richieste di lavoro o collaborazione (recruiting \u2013 selezione e reclutamento del personale), alla evasione di istanze e richieste specifiche, etc.<\/li><\/ul>\n\n\n\n<h3 class=\"wp-block-heading\">Liceit\u00e0 del trattamento<\/h3>\n\n\n\n<h4 class=\"wp-block-heading\">Rapporti contrattuali \u2013 finalit\u00e0 di servizio<\/h4>\n\n\n\n<p>I dati personali forniti dagli utenti che effettuano acquisti di biglietti per partecipazione ad eventi o altre eventuali attivit\u00e0 commerciali accessorie sul sito indicato sono utilizzati, in base agli obblighi contrattuali assunti, al solo fine di eseguire l\u2019ordine effettuato e sono comunicati ai fini esclusivi dell\u2019evasione dell\u2019ordine, agli enti terzi incaricati del recapito o di analoghi servizi accessori.<\/p>\n\n\n\n<h4 class=\"wp-block-heading\">Dati forniti volontariamente dall\u2019utente \u2013 finalit\u00e0 di promozione e diverse<\/h4>\n\n\n\n<p>L\u2019invio facoltativo, esplicito e volontario di posta elettronica agli indirizzi indicati su questo sito comporta la successiva acquisizione dell\u2019indirizzo del mittente, necessario per rispondere alle richieste, nonch\u00e9 degli eventuali altri dati personali inseriti nel messaggio.<\/p>\n\n\n\n<p>Specifiche informative di sintesi vengono riportate o visualizzate nelle pagine del sito predisposte per particolari servizi a richiesta, per i quali pertanto la base giuridica del trattamento risiede nel consenso dell\u2019interessato.<\/p>\n\n\n\n<h4 class=\"wp-block-heading\">Conferimento dei dati facoltativo<\/h4>\n\n\n\n<p>A parte quanto specificato per i dati di navigazione, l\u2019utente \u00e8 libero di fornire i dati personali riportati nei moduli di registrazione, in quelli di conferma della procedura di acquisto o comunque richiesti per sollecitare l\u2019invio di materiale informativo o di altre comunicazioni.<\/p>\n\n\n\n<p>Il loro mancato conferimento, tuttavia, potrebbe comportare l\u2019impossibilit\u00e0 di ottenere quanto richiesto, laddove il trattamento dei dati personali richiesti fosse indispensabile per la conclusione e l\u2019esecuzione del contratto ed in loro assenza gli ordini effettuati non potessero essere eseguiti.<\/p>\n\n\n\n<h3 class=\"wp-block-heading\">Modalit\u00e0 e durata del trattamento<\/h3>\n\n\n\n<p>I dati personali sono sottoposti a trattamento sia cartaceo che elettronico e\/o automatizzato per il tempo strettamente necessario a conseguire gli scopi per cui sono stati raccolti.<\/p>\n\n\n\n<p>Specifiche misure di sicurezza sono osservate per prevenire la perdita dei dati, usi illeciti o non corretti ed accessi non autorizzati.<\/p>\n\n\n\n<p>Fatte salve le esigenze di cui all\u2019 art. 17 c. 3 e le necessit\u00e0 del Titolare del trattamento di disporne con finalit\u00e0 probatorie da utilizzare in caso di ispezioni degli organi di vigilanza e\/o in sede di contenzioso, i dati saranno cancellati (oltre che su eventuale richiesta dell\u2019interessato) al termine del trattamento, o quando sar\u00e0 venuta meno la finalit\u00e0 per cui sono stati raccolti.<\/p>\n\n\n\n<h3 class=\"wp-block-heading\">Accesso, comunicazione, diffusione e trasferimento dei dati<\/h3>\n\n\n\n<p>Ai dati possono accedere dipendenti e collaboratori del Titolare, nella loro qualit\u00e0 di incaricati e\/o responsabili interni del trattamento e\/o amministratori di sistema.<\/p>\n\n\n\n<p>I dati possono essere comunicati a:<\/p>\n\n\n\n<ol class=\"wp-block-list\"><li>soggetti che forniscono servizi per la gestione del sistema informativo aziendale e delle reti di telecomunicazioni (ivi compresa la posta elettronica);<\/li><li>societ\u00e0 di servizi per l\u2019acquisizione, la registrazione ed il trattamento di dati provenienti da documenti, o supporti forniti ed originati dagli stessi clienti ed aventi ad oggetto lavorazioni massive relative a pagamenti, effetti, assegni ed altri titoli;<\/li><li>soggetti che svolgono attivit\u00e0 di trasmissione, imbustamento, trasporto e smistamento delle comunicazioni con la clientela;<\/li><li>soggetti che svolgono attivit\u00e0 di assistenza alla clientela (es. call center, help desk, ecc.);<\/li><li>studi o societ\u00e0 nell\u2019ambito di rapporti di assistenza e consulenza;<\/li><li>soggetti che svolgono adempimenti di controllo, revisione e certificazione delle attivit\u00e0 poste in essere dall\u2019azienda anche nell\u2019interesse della clientela;<\/li><\/ol>\n\n\n\n<p>I dati non sono soggetti a diffusione.<\/p>\n\n\n\n<p>In considerazione dell\u2019esistenza di collegamenti telematici, informatici o di corrispondenza, i dati possono essere trasferiti anche all\u2019estero, all\u2019interno dell\u2019Unione Europea. In caso di trasferimento in paesi extra-UE il Titolare assicura sin d\u2019ora che il trasferimento dei dati extra-UE avverr\u00e0 in conformit\u00e0 alle disposizioni di legge applicabili stipulando, se necessario, accordi che garantiscano un livello di protezione adeguato e\/o adottando le clausole contrattuali standard previste dalla Commissione Europea.<\/p>\n\n\n\n<h3 class=\"wp-block-heading\">Diritti degli interessati (Artt. 15-21 GDPR)<\/h3>\n\n\n\n<p>I soggetti cui si riferiscono i dati personali hanno il diritto in qualunque momento di:<\/p>\n\n\n\n<ol class=\"wp-block-list\"><li>ottenere la conferma dell\u2019esistenza o meno di dati personali che li riguardano, anche se non ancora registrati, e la loro comunicazione in forma intelligibile;<\/li><li>ottenere l\u2019indicazione: a) dell\u2019origine dei dati personali; b) delle finalit\u00e0 e modalit\u00e0 del trattamento; c) della logica applicata in caso di trattamento effettuato con l\u2019ausilio di strumenti elettronici; d) degli estremi identificativi del titolare, dei responsabili e del rappresentante designato ai sensi dell\u2019art. 3, comma 1, GDPR; e) dei soggetti o delle categorie di soggetti ai quali i dati personali possono essere comunicati o che possono venirne a conoscenza in qualit\u00e0 di rappresentante designato nel territorio dello Stato, di responsabili o incaricati;<\/li><li>ottenere: a) l\u2019aggiornamento, la rettificazione ovvero, quando vi hanno interesse, l\u2019integrazione dei dati; b) la cancellazione, la trasformazione in forma anonima o il blocco dei dati trattati in violazione di legge, compresi quelli di cui non \u00e8 necessaria la conservazione in relazione agli scopi per i quali i dati sono stati raccolti o successivamente trattati; c) l\u2019attestazione che le operazioni di cui alle lettere a) e b) sono state portate a conoscenza, anche per quanto riguarda il loro contenuto, di coloro ai quali i dati sono stati comunicati o diffusi, eccettuato il caso in cui tale adempimento si rivela impossibile o comporta un impiego di mezzi manifestamente sproporzionato rispetto al diritto tutelato;<\/li><li>opporsi, in tutto o in parte: a) per motivi legittimi al trattamento dei dati personali che li riguardano, ancorch\u00e9 pertinenti allo scopo della raccolta; b) al trattamento di dati personali che li riguardano a fini di invio di materiale pubblicitario o di vendita diretta o per il compimento di ricerche di mercato o di comunicazione commerciale, mediante l\u2019uso di sistemi automatizzati di chiamata senza l\u2019intervento di un operatore mediante email e\/o mediante modalit\u00e0 di marketing tradizionali mediante telefono e\/o posta cartacea. Si fa presente che il diritto di opposizione dell\u2019interessato, esposto al precedente punto b), per finalit\u00e0 di marketing diretto mediante modalit\u00e0 automatizzate si estende a quelle tradizionali e che comunque resta salva la possibilit\u00e0 per l\u2019interessato di esercitare il diritto di opposizione anche solo in parte. Pertanto, l\u2019interessato pu\u00f2 decidere di ricevere solo comunicazioni mediante modalit\u00e0 tradizionali ovvero solo comunicazioni automatizzate oppure nessuna delle due tipologie di comunicazione.<\/li><\/ol>\n\n\n\n<p>Ove applicabili, hanno altres\u00ec i diritti di cui agli artt. 16-21 GDPR (Diritto di rettifica, diritto all\u2019oblio, diritto di limitazione di trattamento, diritto alla portabilit\u00e0 dei dati, diritto di opposizione, diritto di revoca del consenso), nonch\u00e9 il diritto di reclamo all\u2019Autorit\u00e0 Garante.<\/p>\n\n\n\n<h4 class=\"wp-block-heading\">Titolare del Trattamento<\/h4>\n\n\n\n<p><strong>Pubtech srl<\/strong><br>via Morimondo 26<br>20143 Milano, Italia<br><a href=\"mailto:privacy@pubtech.ai\">privacy@pubtech.ai<\/a><\/p>\n\n\n\n<h3 class=\"wp-block-heading\">Minori<\/h3>\n\n\n\n<p>Questo Sito e i Servizi del Titolare non sono destinati a minori di 18 anni e il Titolare non raccoglie intenzionalmente informazioni personali riferite ai minori. Nel caso in cui informazioni su minori fossero involontariamente registrate, il Titolare le canceller\u00e0 in modo tempestivo, su richiesta degli utenti.<\/p>\n\n\n\n<p>Altre informazioni specifiche nella pagina relativa ai <a href=\"cookie-policy\">Cookie<\/a>.<\/p>\n\n\n\n<h3 class=\"wp-block-heading\">Modifiche alla presente Informativa<\/h3>\n\n\n\n<p>La presente Informativa pu\u00f2 subire variazioni. Si consiglia, quindi, di controllare regolarmente questa Informativa e di riferirsi alla versione pi\u00f9 aggiornata.<\/p>\n\n\n\n<p>Aggiornamento del 4 dicembre 2021<\/p>\n\n\n\n<hr class=\"wp-block-separator has-alpha-channel-opacity\"\/>\n\n\n\n<h3 class=\"wp-block-heading\">Cookie policy<\/h3>\n\n\n\n<p>Per dettagli relativi all\u2019utilizzo dei Cookie si rimanda alla <a href=\"cookie-policy\">pagina dedicata<\/a>.<\/p>\n","protected":false},"excerpt":{"rendered":"<p>Informativa ex art. 13 del Regolamento UE n. 679\/2016 Gentile Utente, desideriamo informarLa che il regolamento UE (GDPR) [&hellip;]<\/p>\n","protected":false},"author":2,"featured_media":0,"parent":0,"menu_order":0,"comment_status":"closed","ping_status":"open","template":"","meta":{"_acf_changed":false,"footnotes":""},"class_list":["post-3","page","type-page","status-publish","hentry"],"acf":[],"yoast_head":"<!-- This site is optimized with the Yoast SEO plugin v26.8 - https:\/\/yoast.com\/product\/yoast-seo-wordpress\/ -->\n<title>Privacy Policy - Pubtech<\/title>\n<meta name=\"robots\" content=\"index, follow, max-snippet:-1, max-image-preview:large, max-video-preview:-1\" \/>\n<link rel=\"canonical\" href=\"https:\/\/www.pubtech.ai\/it\/privacy-policy\/\" \/>\n<meta property=\"og:locale\" content=\"it_IT\" \/>\n<meta property=\"og:type\" content=\"article\" \/>\n<meta property=\"og:title\" content=\"Privacy Policy - Pubtech\" \/>\n<meta property=\"og:description\" content=\"Informativa ex art. 13 del Regolamento UE n. 679\/2016 Gentile Utente, desideriamo informarLa che il regolamento UE (GDPR) [&hellip;]\" \/>\n<meta property=\"og:url\" content=\"https:\/\/www.pubtech.ai\/it\/privacy-policy\/\" \/>\n<meta property=\"og:site_name\" content=\"Pubtech\" \/>\n<meta property=\"article:modified_time\" content=\"2022-09-21T22:41:46+00:00\" \/>\n<meta property=\"og:image\" content=\"https:\/\/www.pubtech.ai\/wp-content\/uploads\/2022\/09\/share-facebook.jpg\" \/>\n\t<meta property=\"og:image:width\" content=\"1200\" \/>\n\t<meta property=\"og:image:height\" content=\"630\" \/>\n\t<meta property=\"og:image:type\" content=\"image\/jpeg\" \/>\n<meta name=\"twitter:card\" content=\"summary_large_image\" \/>\n<meta name=\"twitter:label1\" content=\"Tempo di lettura stimato\" \/>\n\t<meta name=\"twitter:data1\" content=\"8 minuti\" \/>\n<script type=\"application\/ld+json\" class=\"yoast-schema-graph\">{\"@context\":\"https:\/\/schema.org\",\"@graph\":[{\"@type\":\"WebPage\",\"@id\":\"https:\/\/www.pubtech.ai\/it\/privacy-policy\/\",\"url\":\"https:\/\/www.pubtech.ai\/it\/privacy-policy\/\",\"name\":\"Privacy Policy - Pubtech\",\"isPartOf\":{\"@id\":\"https:\/\/www.pubtech.ai\/it\/#website\"},\"datePublished\":\"2021-02-10T09:51:33+00:00\",\"dateModified\":\"2022-09-21T22:41:46+00:00\",\"breadcrumb\":{\"@id\":\"https:\/\/www.pubtech.ai\/it\/privacy-policy\/#breadcrumb\"},\"inLanguage\":\"it-IT\",\"potentialAction\":[{\"@type\":\"ReadAction\",\"target\":[\"https:\/\/www.pubtech.ai\/it\/privacy-policy\/\"]}]},{\"@type\":\"BreadcrumbList\",\"@id\":\"https:\/\/www.pubtech.ai\/it\/privacy-policy\/#breadcrumb\",\"itemListElement\":[{\"@type\":\"ListItem\",\"position\":1,\"name\":\"Home\",\"item\":\"https:\/\/www.pubtech.ai\/it\/\"},{\"@type\":\"ListItem\",\"position\":2,\"name\":\"Privacy Policy\"}]},{\"@type\":\"WebSite\",\"@id\":\"https:\/\/www.pubtech.ai\/it\/#website\",\"url\":\"https:\/\/www.pubtech.ai\/it\/\",\"name\":\"Pubtech\",\"description\":\"AdTech company\",\"publisher\":{\"@id\":\"https:\/\/www.pubtech.ai\/it\/#organization\"},\"potentialAction\":[{\"@type\":\"SearchAction\",\"target\":{\"@type\":\"EntryPoint\",\"urlTemplate\":\"https:\/\/www.pubtech.ai\/it\/?s={search_term_string}\"},\"query-input\":{\"@type\":\"PropertyValueSpecification\",\"valueRequired\":true,\"valueName\":\"search_term_string\"}}],\"inLanguage\":\"it-IT\"},{\"@type\":\"Organization\",\"@id\":\"https:\/\/www.pubtech.ai\/it\/#organization\",\"name\":\"Pubtech.ai\",\"url\":\"https:\/\/www.pubtech.ai\/it\/\",\"logo\":{\"@type\":\"ImageObject\",\"inLanguage\":\"it-IT\",\"@id\":\"https:\/\/www.pubtech.ai\/it\/#\/schema\/logo\/image\/\",\"url\":\"https:\/\/www.pubtech.ai\/wp-content\/uploads\/2022\/09\/share-facebook.jpg\",\"contentUrl\":\"https:\/\/www.pubtech.ai\/wp-content\/uploads\/2022\/09\/share-facebook.jpg\",\"width\":1200,\"height\":630,\"caption\":\"Pubtech.ai\"},\"image\":{\"@id\":\"https:\/\/www.pubtech.ai\/it\/#\/schema\/logo\/image\/\"},\"sameAs\":[\"https:\/\/www.linkedin.com\/company\/pubtech\/\"]}]}<\/script>\n<!-- \/ Yoast SEO plugin. -->","yoast_head_json":{"title":"Privacy Policy - Pubtech","robots":{"index":"index","follow":"follow","max-snippet":"max-snippet:-1","max-image-preview":"max-image-preview:large","max-video-preview":"max-video-preview:-1"},"canonical":"https:\/\/www.pubtech.ai\/it\/privacy-policy\/","og_locale":"it_IT","og_type":"article","og_title":"Privacy Policy - Pubtech","og_description":"Informativa ex art. 13 del Regolamento UE n. 679\/2016 Gentile Utente, desideriamo informarLa che il regolamento UE (GDPR) [&hellip;]","og_url":"https:\/\/www.pubtech.ai\/it\/privacy-policy\/","og_site_name":"Pubtech","article_modified_time":"2022-09-21T22:41:46+00:00","og_image":[{"width":1200,"height":630,"url":"https:\/\/www.pubtech.ai\/wp-content\/uploads\/2022\/09\/share-facebook.jpg","type":"image\/jpeg"}],"twitter_card":"summary_large_image","twitter_misc":{"Tempo di lettura stimato":"8 minuti"},"schema":{"@context":"https:\/\/schema.org","@graph":[{"@type":"WebPage","@id":"https:\/\/www.pubtech.ai\/it\/privacy-policy\/","url":"https:\/\/www.pubtech.ai\/it\/privacy-policy\/","name":"Privacy Policy - Pubtech","isPartOf":{"@id":"https:\/\/www.pubtech.ai\/it\/#website"},"datePublished":"2021-02-10T09:51:33+00:00","dateModified":"2022-09-21T22:41:46+00:00","breadcrumb":{"@id":"https:\/\/www.pubtech.ai\/it\/privacy-policy\/#breadcrumb"},"inLanguage":"it-IT","potentialAction":[{"@type":"ReadAction","target":["https:\/\/www.pubtech.ai\/it\/privacy-policy\/"]}]},{"@type":"BreadcrumbList","@id":"https:\/\/www.pubtech.ai\/it\/privacy-policy\/#breadcrumb","itemListElement":[{"@type":"ListItem","position":1,"name":"Home","item":"https:\/\/www.pubtech.ai\/it\/"},{"@type":"ListItem","position":2,"name":"Privacy Policy"}]},{"@type":"WebSite","@id":"https:\/\/www.pubtech.ai\/it\/#website","url":"https:\/\/www.pubtech.ai\/it\/","name":"Pubtech","description":"AdTech company","publisher":{"@id":"https:\/\/www.pubtech.ai\/it\/#organization"},"potentialAction":[{"@type":"SearchAction","target":{"@type":"EntryPoint","urlTemplate":"https:\/\/www.pubtech.ai\/it\/?s={search_term_string}"},"query-input":{"@type":"PropertyValueSpecification","valueRequired":true,"valueName":"search_term_string"}}],"inLanguage":"it-IT"},{"@type":"Organization","@id":"https:\/\/www.pubtech.ai\/it\/#organization","name":"Pubtech.ai","url":"https:\/\/www.pubtech.ai\/it\/","logo":{"@type":"ImageObject","inLanguage":"it-IT","@id":"https:\/\/www.pubtech.ai\/it\/#\/schema\/logo\/image\/","url":"https:\/\/www.pubtech.ai\/wp-content\/uploads\/2022\/09\/share-facebook.jpg","contentUrl":"https:\/\/www.pubtech.ai\/wp-content\/uploads\/2022\/09\/share-facebook.jpg","width":1200,"height":630,"caption":"Pubtech.ai"},"image":{"@id":"https:\/\/www.pubtech.ai\/it\/#\/schema\/logo\/image\/"},"sameAs":["https:\/\/www.linkedin.com\/company\/pubtech\/"]}]}},"_links":{"self":[{"href":"https:\/\/www.pubtech.ai\/it\/wp-json\/wp\/v2\/pages\/3","targetHints":{"allow":["GET"]}}],"collection":[{"href":"https:\/\/www.pubtech.ai\/it\/wp-json\/wp\/v2\/pages"}],"about":[{"href":"https:\/\/www.pubtech.ai\/it\/wp-json\/wp\/v2\/types\/page"}],"author":[{"embeddable":true,"href":"https:\/\/www.pubtech.ai\/it\/wp-json\/wp\/v2\/users\/2"}],"replies":[{"embeddable":true,"href":"https:\/\/www.pubtech.ai\/it\/wp-json\/wp\/v2\/comments?post=3"}],"version-history":[{"count":1,"href":"https:\/\/www.pubtech.ai\/it\/wp-json\/wp\/v2\/pages\/3\/revisions"}],"predecessor-version":[{"id":129,"href":"https:\/\/www.pubtech.ai\/it\/wp-json\/wp\/v2\/pages\/3\/revisions\/129"}],"wp:attachment":[{"href":"https:\/\/www.pubtech.ai\/it\/wp-json\/wp\/v2\/media?parent=3"}],"curies":[{"name":"wp","href":"https:\/\/api.w.org\/{rel}","templated":true}]}}